{"id":91414,"date":"2025-04-15T16:09:20","date_gmt":"2025-04-15T07:09:20","guid":{"rendered":"https:\/\/cotoacademy.com\/?page_id=91414"},"modified":"2025-04-21T14:39:48","modified_gmt":"2025-04-21T05:39:48","slug":"online-level-check","status":"publish","type":"page","link":"https:\/\/cotoacademy.com\/fr\/online-level-check\/","title":{"rendered":"\u00c9valuation en ligne du niveau"},"content":{"rendered":"\n<div class=\"wp-block-cover ca-banner\"><img loading=\"lazy\" decoding=\"async\" width=\"1512\" height=\"600\" class=\"wp-block-cover__image-background wp-image-91133\" alt=\"Golden Week Course - Coto student writing on a book\" src=\"https:\/\/cotoacademy.com\/wp-content\/uploads\/2025\/03\/Golden-Week-Course.jpg\" data-object-fit=\"cover\" srcset=\"https:\/\/cotoacademy.com\/fr\/wp-content\/uploads\/sites\/3\/2025\/03\/Golden-Week-Course.jpg 1512w, https:\/\/cotoacademy.com\/fr\/wp-content\/uploads\/sites\/3\/2025\/03\/Golden-Week-Course-300x119.jpg 300w, https:\/\/cotoacademy.com\/fr\/wp-content\/uploads\/sites\/3\/2025\/03\/Golden-Week-Course-1024x406.jpg 1024w, https:\/\/cotoacademy.com\/fr\/wp-content\/uploads\/sites\/3\/2025\/03\/Golden-Week-Course-768x305.jpg 768w\" sizes=\"auto, (max-width: 1512px) 100vw, 1512px\" \/><span aria-hidden=\"true\" class=\"wp-block-cover__background has-content-background-color has-background-dim\"><\/span><div class=\"wp-block-cover__inner-container has-global-padding is-layout-constrained wp-block-cover-is-layout-constrained\"><div class=\"yoast-breadcrumbs ca-banner__breadcrumbs\"><span><span><a href=\"https:\/\/cotoacademy.com\/fr\/\">Home<\/a><\/span> \/ <span class=\"breadcrumb_last\" aria-current=\"page\">\u00c9valuation en ligne du niveau<\/span><\/span><\/div>\n\n\n<h2 class=\"wp-block-heading has-text-align-center ca-banner__h has-large-font-size\" id=\"h-test-de-niveau-japonais\">Test de niveau japonais<\/h2>\n\n\n\n<p class=\"has-text-align-center ca-banner__b\">Faites un court quiz pour tester votre niveau de japonais !<\/p>\n<\/div><\/div>\n\n\n\n<div class=\"wp-block-columns is-layout-flex wp-container-core-columns-is-layout-c6a03c77 wp-block-columns-is-layout-flex\" style=\"padding-right:var(--wp--preset--spacing--80);padding-left:var(--wp--preset--spacing--80)\">\n<div class=\"wp-block-column is-layout-flow wp-block-column-is-layout-flow\"><\/div>\n\n\n\n<div class=\"wp-block-column is-style-default is-layout-flow wp-block-column-is-layout-flow\" style=\"padding-top:var(--wp--preset--spacing--80);padding-right:0;padding-bottom:var(--wp--preset--spacing--80);padding-left:0\">\n<div id=\"interact-63fc1b98dbdc6800144e387d\"><\/div><script>var app_63fc1b98dbdc6800144e387d;(function(d, t){var s=d.createElement(t),options={\"appId\":\"63fc1b98dbdc6800144e387d\",\"width\":\"800\",\"height\":\"800\",\"async\":true,\"host\":\"quiz.tryinteract.com\"};s.src='https:\/\/i.tryinteract.com\/embed\/app.js';s.onload=s.onreadystatechange=function(){var rs=this.readyState;if(rs)if(rs!='complete')if(rs!='loaded')return;try{app_63fc1b98dbdc6800144e387d=new InteractApp();app_63fc1b98dbdc6800144e387d.initialize(options);app_63fc1b98dbdc6800144e387d.display();}catch(e){}};var scr=d.getElementsByTagName(t)[0],par=scr.parentNode;par.insertBefore(s,scr);})(document,'script');<\/script>\n<\/div>\n\n\n\n<div class=\"wp-block-column is-layout-flow wp-block-column-is-layout-flow\"><\/div>\n<\/div>\n\n\n\n<p><\/p>\n","protected":false},"excerpt":{"rendered":"","protected":false},"author":7,"featured_media":91205,"parent":0,"menu_order":0,"comment_status":"closed","ping_status":"closed","template":"","meta":{"content-type":"","footnotes":""},"class_list":["post-91414","page","type-page","status-publish","has-post-thumbnail","hentry"],"yoast_head":"<!-- This site is optimized with the Yoast SEO Premium plugin v24.7 (Yoast SEO v24.7) - https:\/\/yoast.com\/wordpress\/plugins\/seo\/ -->\n<title>\u00c9valuation en ligne du niveau - Coto Academy - \u00c9cole de japonais<\/title>\n<meta name=\"description\" content=\"Passez notre test de niveau japonais en ligne gratuit pour conna\u00eetre votre niveau et obtenir des recommandations de cours adapt\u00e9es.\" \/>\n<meta name=\"robots\" content=\"index, follow, max-snippet:-1, max-image-preview:large, max-video-preview:-1\" \/>\n<link rel=\"canonical\" href=\"https:\/\/cotoacademy.com\/fr\/online-level-check\/\" \/>\n<meta property=\"og:locale\" content=\"fr_FR\" \/>\n<meta property=\"og:type\" content=\"article\" \/>\n<meta property=\"og:title\" content=\"\u00c9valuation en ligne du niveau\" \/>\n<meta property=\"og:description\" content=\"Passez notre test de niveau japonais en ligne gratuit pour conna\u00eetre votre niveau et obtenir des recommandations de cours adapt\u00e9es.\" \/>\n<meta property=\"og:url\" content=\"https:\/\/cotoacademy.com\/fr\/online-level-check\/\" \/>\n<meta property=\"og:site_name\" content=\"Coto Academy - \u00c9cole de japonais\" \/>\n<meta property=\"article:publisher\" content=\"https:\/\/www.facebook.com\/cotoacademy\" \/>\n<meta property=\"article:modified_time\" content=\"2025-04-21T05:39:48+00:00\" \/>\n<meta property=\"og:image\" content=\"https:\/\/cotoacademy.com\/fr\/wp-content\/uploads\/sites\/3\/2025\/03\/Course-cards-580x310-1.jpg\" \/>\n\t<meta property=\"og:image:width\" content=\"580\" \/>\n\t<meta property=\"og:image:height\" content=\"310\" \/>\n\t<meta property=\"og:image:type\" content=\"image\/jpeg\" \/>\n<meta name=\"twitter:card\" content=\"summary_large_image\" \/>\n<meta name=\"twitter:label1\" content=\"Est. reading time\" \/>\n\t<meta name=\"twitter:data1\" content=\"1 minute\" \/>\n<script type=\"application\/ld+json\" class=\"yoast-schema-graph\">{\"@context\":\"https:\/\/schema.org\",\"@graph\":[{\"@type\":\"WebPage\",\"@id\":\"https:\/\/cotoacademy.com\/fr\/online-level-check\/\",\"url\":\"https:\/\/cotoacademy.com\/fr\/online-level-check\/\",\"name\":\"\u00c9valuation en ligne du niveau - Coto Academy - \u00c9cole de japonais\",\"isPartOf\":{\"@id\":\"https:\/\/cotoacademy.com\/fr\/#website\"},\"primaryImageOfPage\":{\"@id\":\"https:\/\/cotoacademy.com\/fr\/online-level-check\/#primaryimage\"},\"image\":{\"@id\":\"https:\/\/cotoacademy.com\/fr\/online-level-check\/#primaryimage\"},\"thumbnailUrl\":\"https:\/\/cotoacademy.com\/fr\/wp-content\/uploads\/sites\/3\/2025\/03\/Course-cards-580x310-1.jpg\",\"datePublished\":\"2025-04-15T07:09:20+00:00\",\"dateModified\":\"2025-04-21T05:39:48+00:00\",\"description\":\"Passez notre test de niveau japonais en ligne gratuit pour conna\u00eetre votre niveau et obtenir des recommandations de cours adapt\u00e9es.\",\"breadcrumb\":{\"@id\":\"https:\/\/cotoacademy.com\/fr\/online-level-check\/#breadcrumb\"},\"inLanguage\":\"fr-FR\",\"potentialAction\":[{\"@type\":\"ReadAction\",\"target\":[\"https:\/\/cotoacademy.com\/fr\/online-level-check\/\"]}]},{\"@type\":\"ImageObject\",\"inLanguage\":\"fr-FR\",\"@id\":\"https:\/\/cotoacademy.com\/fr\/online-level-check\/#primaryimage\",\"url\":\"https:\/\/cotoacademy.com\/fr\/wp-content\/uploads\/sites\/3\/2025\/03\/Course-cards-580x310-1.jpg\",\"contentUrl\":\"https:\/\/cotoacademy.com\/fr\/wp-content\/uploads\/sites\/3\/2025\/03\/Course-cards-580x310-1.jpg\",\"width\":580,\"height\":310,\"caption\":\"golden-week-course\"},{\"@type\":\"BreadcrumbList\",\"@id\":\"https:\/\/cotoacademy.com\/fr\/online-level-check\/#breadcrumb\",\"itemListElement\":[{\"@type\":\"ListItem\",\"position\":1,\"name\":\"Home\",\"item\":\"https:\/\/cotoacademy.com\/fr\/\"},{\"@type\":\"ListItem\",\"position\":2,\"name\":\"\u00c9valuation en ligne du niveau\"}]},{\"@type\":\"WebSite\",\"@id\":\"https:\/\/cotoacademy.com\/fr\/#website\",\"url\":\"https:\/\/cotoacademy.com\/fr\/\",\"name\":\"Coto Academy\",\"description\":\"Enjoy Learning, Enjoy Life - Japanese language school Tokyo, Yokohama, Online\",\"publisher\":{\"@id\":\"https:\/\/cotoacademy.com\/fr\/#organization\"},\"potentialAction\":[{\"@type\":\"SearchAction\",\"target\":{\"@type\":\"EntryPoint\",\"urlTemplate\":\"https:\/\/cotoacademy.com\/fr\/?s={search_term_string}\"},\"query-input\":{\"@type\":\"PropertyValueSpecification\",\"valueRequired\":true,\"valueName\":\"search_term_string\"}}],\"inLanguage\":\"fr-FR\"},{\"@type\":\"Organization\",\"@id\":\"https:\/\/cotoacademy.com\/fr\/#organization\",\"name\":\"Coto Academy\",\"url\":\"https:\/\/cotoacademy.com\/fr\/\",\"logo\":{\"@type\":\"ImageObject\",\"inLanguage\":\"fr-FR\",\"@id\":\"https:\/\/cotoacademy.com\/fr\/#\/schema\/logo\/image\/\",\"url\":\"https:\/\/cotoacademy.com\/wp-content\/uploads\/2025\/03\/cropped-coto-japanese-academy-logo-site-icon-white-text.png\",\"contentUrl\":\"https:\/\/cotoacademy.com\/wp-content\/uploads\/2025\/03\/cropped-coto-japanese-academy-logo-site-icon-white-text.png\",\"width\":512,\"height\":512,\"caption\":\"Coto Academy\"},\"image\":{\"@id\":\"https:\/\/cotoacademy.com\/fr\/#\/schema\/logo\/image\/\"},\"sameAs\":[\"https:\/\/www.facebook.com\/cotoacademy\",\"https:\/\/www.instagram.com\/cotoacademy\/\"]}]}<\/script>\n<!-- \/ Yoast SEO Premium plugin. -->","yoast_head_json":{"title":"\u00c9valuation en ligne du niveau - Coto Academy - \u00c9cole de japonais","description":"Passez notre test de niveau japonais en ligne gratuit pour conna\u00eetre votre niveau et obtenir des recommandations de cours adapt\u00e9es.","robots":{"index":"index","follow":"follow","max-snippet":"max-snippet:-1","max-image-preview":"max-image-preview:large","max-video-preview":"max-video-preview:-1"},"canonical":"https:\/\/cotoacademy.com\/fr\/online-level-check\/","og_locale":"fr_FR","og_type":"article","og_title":"\u00c9valuation en ligne du niveau","og_description":"Passez notre test de niveau japonais en ligne gratuit pour conna\u00eetre votre niveau et obtenir des recommandations de cours adapt\u00e9es.","og_url":"https:\/\/cotoacademy.com\/fr\/online-level-check\/","og_site_name":"Coto Academy - \u00c9cole de japonais","article_publisher":"https:\/\/www.facebook.com\/cotoacademy","article_modified_time":"2025-04-21T05:39:48+00:00","og_image":[{"width":580,"height":310,"url":"https:\/\/cotoacademy.com\/fr\/wp-content\/uploads\/sites\/3\/2025\/03\/Course-cards-580x310-1.jpg","type":"image\/jpeg"}],"twitter_card":"summary_large_image","twitter_misc":{"Est. reading time":"1 minute"},"schema":{"@context":"https:\/\/schema.org","@graph":[{"@type":"WebPage","@id":"https:\/\/cotoacademy.com\/fr\/online-level-check\/","url":"https:\/\/cotoacademy.com\/fr\/online-level-check\/","name":"\u00c9valuation en ligne du niveau - Coto Academy - \u00c9cole de japonais","isPartOf":{"@id":"https:\/\/cotoacademy.com\/fr\/#website"},"primaryImageOfPage":{"@id":"https:\/\/cotoacademy.com\/fr\/online-level-check\/#primaryimage"},"image":{"@id":"https:\/\/cotoacademy.com\/fr\/online-level-check\/#primaryimage"},"thumbnailUrl":"https:\/\/cotoacademy.com\/fr\/wp-content\/uploads\/sites\/3\/2025\/03\/Course-cards-580x310-1.jpg","datePublished":"2025-04-15T07:09:20+00:00","dateModified":"2025-04-21T05:39:48+00:00","description":"Passez notre test de niveau japonais en ligne gratuit pour conna\u00eetre votre niveau et obtenir des recommandations de cours adapt\u00e9es.","breadcrumb":{"@id":"https:\/\/cotoacademy.com\/fr\/online-level-check\/#breadcrumb"},"inLanguage":"fr-FR","potentialAction":[{"@type":"ReadAction","target":["https:\/\/cotoacademy.com\/fr\/online-level-check\/"]}]},{"@type":"ImageObject","inLanguage":"fr-FR","@id":"https:\/\/cotoacademy.com\/fr\/online-level-check\/#primaryimage","url":"https:\/\/cotoacademy.com\/fr\/wp-content\/uploads\/sites\/3\/2025\/03\/Course-cards-580x310-1.jpg","contentUrl":"https:\/\/cotoacademy.com\/fr\/wp-content\/uploads\/sites\/3\/2025\/03\/Course-cards-580x310-1.jpg","width":580,"height":310,"caption":"golden-week-course"},{"@type":"BreadcrumbList","@id":"https:\/\/cotoacademy.com\/fr\/online-level-check\/#breadcrumb","itemListElement":[{"@type":"ListItem","position":1,"name":"Home","item":"https:\/\/cotoacademy.com\/fr\/"},{"@type":"ListItem","position":2,"name":"\u00c9valuation en ligne du niveau"}]},{"@type":"WebSite","@id":"https:\/\/cotoacademy.com\/fr\/#website","url":"https:\/\/cotoacademy.com\/fr\/","name":"Coto Academy","description":"Enjoy Learning, Enjoy Life - Japanese language school Tokyo, Yokohama, Online","publisher":{"@id":"https:\/\/cotoacademy.com\/fr\/#organization"},"potentialAction":[{"@type":"SearchAction","target":{"@type":"EntryPoint","urlTemplate":"https:\/\/cotoacademy.com\/fr\/?s={search_term_string}"},"query-input":{"@type":"PropertyValueSpecification","valueRequired":true,"valueName":"search_term_string"}}],"inLanguage":"fr-FR"},{"@type":"Organization","@id":"https:\/\/cotoacademy.com\/fr\/#organization","name":"Coto Academy","url":"https:\/\/cotoacademy.com\/fr\/","logo":{"@type":"ImageObject","inLanguage":"fr-FR","@id":"https:\/\/cotoacademy.com\/fr\/#\/schema\/logo\/image\/","url":"https:\/\/cotoacademy.com\/wp-content\/uploads\/2025\/03\/cropped-coto-japanese-academy-logo-site-icon-white-text.png","contentUrl":"https:\/\/cotoacademy.com\/wp-content\/uploads\/2025\/03\/cropped-coto-japanese-academy-logo-site-icon-white-text.png","width":512,"height":512,"caption":"Coto Academy"},"image":{"@id":"https:\/\/cotoacademy.com\/fr\/#\/schema\/logo\/image\/"},"sameAs":["https:\/\/www.facebook.com\/cotoacademy","https:\/\/www.instagram.com\/cotoacademy\/"]}]}},"_links":{"self":[{"href":"https:\/\/cotoacademy.com\/fr\/wp-json\/wp\/v2\/pages\/91414","targetHints":{"allow":["GET"]}}],"collection":[{"href":"https:\/\/cotoacademy.com\/fr\/wp-json\/wp\/v2\/pages"}],"about":[{"href":"https:\/\/cotoacademy.com\/fr\/wp-json\/wp\/v2\/types\/page"}],"author":[{"embeddable":true,"href":"https:\/\/cotoacademy.com\/fr\/wp-json\/wp\/v2\/users\/7"}],"replies":[{"embeddable":true,"href":"https:\/\/cotoacademy.com\/fr\/wp-json\/wp\/v2\/comments?post=91414"}],"version-history":[{"count":25,"href":"https:\/\/cotoacademy.com\/fr\/wp-json\/wp\/v2\/pages\/91414\/revisions"}],"predecessor-version":[{"id":92677,"href":"https:\/\/cotoacademy.com\/fr\/wp-json\/wp\/v2\/pages\/91414\/revisions\/92677"}],"wp:featuredmedia":[{"embeddable":true,"href":"https:\/\/cotoacademy.com\/fr\/wp-json\/wp\/v2\/media\/91205"}],"wp:attachment":[{"href":"https:\/\/cotoacademy.com\/fr\/wp-json\/wp\/v2\/media?parent=91414"}],"curies":[{"name":"wp","href":"https:\/\/api.w.org\/{rel}","templated":true}]}}