{"id":64,"date":"2025-03-05T11:10:01","date_gmt":"2025-03-05T02:10:01","guid":{"rendered":"https:\/\/cotoacademy.com\/?page_id=64"},"modified":"2025-04-22T09:29:16","modified_gmt":"2025-04-22T00:29:16","slug":"inquiry","status":"publish","type":"page","link":"https:\/\/cotoacademy.com\/fr\/inquiry\/","title":{"rendered":"Faites une demande"},"content":{"rendered":"\n<div class=\"wp-block-cover ca-banner\" style=\"min-height:243px;aspect-ratio:unset;\"><img loading=\"lazy\" decoding=\"async\" width=\"1512\" height=\"600\" class=\"wp-block-cover__image-background wp-image-91129\" alt=\"Inquiry Banner - Coto staff talking with clients\" src=\"https:\/\/cotoacademy.com\/wp-content\/uploads\/2025\/04\/Inquiry-Banner.jpg\" style=\"object-position:52% 35%\" data-object-fit=\"cover\" data-object-position=\"52% 35%\" srcset=\"https:\/\/cotoacademy.com\/fr\/wp-content\/uploads\/sites\/3\/2025\/04\/Inquiry-Banner.jpg 1512w, https:\/\/cotoacademy.com\/fr\/wp-content\/uploads\/sites\/3\/2025\/04\/Inquiry-Banner-300x119.jpg 300w, https:\/\/cotoacademy.com\/fr\/wp-content\/uploads\/sites\/3\/2025\/04\/Inquiry-Banner-1024x406.jpg 1024w, https:\/\/cotoacademy.com\/fr\/wp-content\/uploads\/sites\/3\/2025\/04\/Inquiry-Banner-768x305.jpg 768w\" sizes=\"auto, (max-width: 1512px) 100vw, 1512px\" \/><span aria-hidden=\"true\" class=\"wp-block-cover__background has-content-background-color has-background-dim-70 has-background-dim\"><\/span><div class=\"wp-block-cover__inner-container has-global-padding is-layout-constrained wp-block-cover-is-layout-constrained\"><div class=\"yoast-breadcrumbs ca-banner__breadcrumbs\"><span><span><a href=\"https:\/\/cotoacademy.com\/fr\/\">Home<\/a><\/span> \/ <span class=\"breadcrumb_last\" aria-current=\"page\">Faites une demande<\/span><\/span><\/div>\n\n\n<h4 class=\"wp-block-heading has-text-align-center ca-banner__h has-large-font-size\" id=\"h-faites-une-demande\">Faites une demande<\/h4>\n<\/div><\/div>\n\n\n\n<div style=\"height:45px\" aria-hidden=\"true\" class=\"wp-block-spacer\"><\/div>\n\n\n\n<div class=\"wp-block-columns is-layout-flex wp-container-core-columns-is-layout-cad298ab wp-block-columns-is-layout-flex\" style=\"padding-right:var(--wp--preset--spacing--60);padding-left:var(--wp--preset--spacing--60)\">\n<div class=\"wp-block-column is-style-default has-global-padding is-layout-constrained wp-block-column-is-layout-constrained\">\n<h3 class=\"wp-block-heading\" id=\"h-envoyez-nous-un-message\">Envoyez-nous un message !<\/h3>\n\n\n\n<p><strong>Ce formulaire est destin\u00e9 aux demandes non relatives au cours de japonais et aux entreprises. Si vous souhaitez commencer des cours de japonais, veuillez <a href=\"http:\/\/fr\/contact\/\"><mark class=\"has-inline-color has-primary-color\">cliquer ici<\/mark><\/a>.<\/strong><\/p>\n\n\n\n<div class=\"wp-block-group ca-icon-item text-xs is-layout-flex wp-block-group-is-layout-flex\">\n<figure class=\"wp-block-image is-resized\"><img decoding=\"async\" src=\"https:\/\/cotoacademy.com\/wp-content\/themes\/cotoacademy\/assets\/images\/information.svg\" alt=\"Information\" style=\"object-fit:cover;width:16px;height:16px\" \/><\/figure>\n\n\n\n<p>\u00c0 savoir : Veuillez consulter notre page FAQ pour des r\u00e9ponses plus rapides avant de remplir ce formulaire. Notez qu&#8217;une r\u00e9ponse de notre \u00e9quipe peut n\u00e9cessiter un petit d\u00e9lai.<\/p>\n<\/div>\n\n\n\n<p><\/p>\n\n\n\n<div class=\"wp-block-leadin-hubspot-form-block\">\n\t\t\t\t\t<script>\n\t\t\t\t\t\twindow.hsFormsOnReady = window.hsFormsOnReady || [];\n\t\t\t\t\t\twindow.hsFormsOnReady.push(()=>{\n\t\t\t\t\t\t\thbspt.forms.create({\n\t\t\t\t\t\t\t\tportalId: 8680638,\n\t\t\t\t\t\t\t\tformId: \"1dce3d93-2f68-404b-b589-f35e560b0e6f\",\n\t\t\t\t\t\t\t\ttarget: \"#hbspt-form-1775473630000-4776766611\",\n\t\t\t\t\t\t\t\tregion: \"na1\",\n\t\t\t\t\t\t\t\t\n\t\t\t\t\t\t})});\n\t\t\t\t\t<\/script>\n\t\t\t\t\t<div class=\"hbspt-form\" id=\"hbspt-form-1775473630000-4776766611\"><\/div><\/div>\n<\/div>\n<\/div>\n","protected":false},"excerpt":{"rendered":"<p>Envoyez-nous un message ! Ce formulaire est destin\u00e9 aux demandes non relatives au cours de japonais et aux entreprises. Si vous souhaitez commencer des cours de japonais, veuillez cliquer ici. \u00c0 savoir : Veuillez consulter notre page FAQ pour des r\u00e9ponses plus rapides avant de remplir ce formulaire. Notez qu&#8217;une r\u00e9ponse de notre \u00e9quipe peut [&hellip;]<\/p>\n","protected":false},"author":7,"featured_media":89454,"parent":0,"menu_order":0,"comment_status":"closed","ping_status":"closed","template":"","meta":{"content-type":"","footnotes":""},"class_list":["post-64","page","type-page","status-publish","has-post-thumbnail","hentry"],"yoast_head":"<!-- This site is optimized with the Yoast SEO Premium plugin v24.7 (Yoast SEO v24.7) - https:\/\/yoast.com\/wordpress\/plugins\/seo\/ -->\n<title>Faites une demande - Coto Japanese Academy<\/title>\n<meta name=\"description\" content=\"Faites le premier pas avec l&#039;Acad\u00e9mie Coto ! Renseignez-vous sur nos cours de japonais \u00e0 Tokyo et Yokohama et commencez d\u00e8s aujourd&#039;hui.\" \/>\n<meta name=\"robots\" content=\"index, follow, max-snippet:-1, max-image-preview:large, max-video-preview:-1\" \/>\n<link rel=\"canonical\" href=\"https:\/\/cotoacademy.com\/fr\/inquiry\/\" \/>\n<meta property=\"og:locale\" content=\"fr_FR\" \/>\n<meta property=\"og:type\" content=\"article\" \/>\n<meta property=\"og:title\" content=\"Faites une demande\" \/>\n<meta property=\"og:description\" content=\"Faites le premier pas avec l&#039;Acad\u00e9mie Coto ! Renseignez-vous sur nos cours de japonais \u00e0 Tokyo et Yokohama et commencez d\u00e8s aujourd&#039;hui.\" \/>\n<meta property=\"og:url\" content=\"https:\/\/cotoacademy.com\/fr\/inquiry\/\" \/>\n<meta property=\"og:site_name\" content=\"Coto Academy - \u00c9cole de japonais\" \/>\n<meta property=\"article:publisher\" content=\"https:\/\/www.facebook.com\/cotoacademy\" \/>\n<meta property=\"article:modified_time\" content=\"2025-04-22T00:29:16+00:00\" \/>\n<meta property=\"og:image\" content=\"https:\/\/cotoacademy.com\/fr\/wp-content\/uploads\/sites\/3\/2025\/03\/DSC01445-scaled.jpg\" \/>\n\t<meta property=\"og:image:width\" content=\"2560\" \/>\n\t<meta property=\"og:image:height\" content=\"1707\" \/>\n\t<meta property=\"og:image:type\" content=\"image\/jpeg\" \/>\n<meta name=\"twitter:card\" content=\"summary_large_image\" \/>\n<meta name=\"twitter:label1\" content=\"Est. reading time\" \/>\n\t<meta name=\"twitter:data1\" content=\"1 minute\" \/>\n<script type=\"application\/ld+json\" class=\"yoast-schema-graph\">{\"@context\":\"https:\/\/schema.org\",\"@graph\":[{\"@type\":\"WebPage\",\"@id\":\"https:\/\/cotoacademy.com\/fr\/inquiry\/\",\"url\":\"https:\/\/cotoacademy.com\/fr\/inquiry\/\",\"name\":\"Faites une demande - Coto Japanese Academy\",\"isPartOf\":{\"@id\":\"https:\/\/cotoacademy.com\/fr\/#website\"},\"primaryImageOfPage\":{\"@id\":\"https:\/\/cotoacademy.com\/fr\/inquiry\/#primaryimage\"},\"image\":{\"@id\":\"https:\/\/cotoacademy.com\/fr\/inquiry\/#primaryimage\"},\"thumbnailUrl\":\"https:\/\/cotoacademy.com\/fr\/wp-content\/uploads\/sites\/3\/2025\/03\/DSC01445-scaled.jpg\",\"datePublished\":\"2025-03-05T02:10:01+00:00\",\"dateModified\":\"2025-04-22T00:29:16+00:00\",\"description\":\"Faites le premier pas avec l'Acad\u00e9mie Coto ! Renseignez-vous sur nos cours de japonais \u00e0 Tokyo et Yokohama et commencez d\u00e8s aujourd'hui.\",\"breadcrumb\":{\"@id\":\"https:\/\/cotoacademy.com\/fr\/inquiry\/#breadcrumb\"},\"inLanguage\":\"fr-FR\",\"potentialAction\":[{\"@type\":\"ReadAction\",\"target\":[\"https:\/\/cotoacademy.com\/fr\/inquiry\/\"]}]},{\"@type\":\"ImageObject\",\"inLanguage\":\"fr-FR\",\"@id\":\"https:\/\/cotoacademy.com\/fr\/inquiry\/#primaryimage\",\"url\":\"https:\/\/cotoacademy.com\/fr\/wp-content\/uploads\/sites\/3\/2025\/03\/DSC01445-scaled.jpg\",\"contentUrl\":\"https:\/\/cotoacademy.com\/fr\/wp-content\/uploads\/sites\/3\/2025\/03\/DSC01445-scaled.jpg\",\"width\":2560,\"height\":1707,\"caption\":\"Coto Japanese Academy - Inquire Us\"},{\"@type\":\"BreadcrumbList\",\"@id\":\"https:\/\/cotoacademy.com\/fr\/inquiry\/#breadcrumb\",\"itemListElement\":[{\"@type\":\"ListItem\",\"position\":1,\"name\":\"Home\",\"item\":\"https:\/\/cotoacademy.com\/fr\/\"},{\"@type\":\"ListItem\",\"position\":2,\"name\":\"Faites une demande\"}]},{\"@type\":\"WebSite\",\"@id\":\"https:\/\/cotoacademy.com\/fr\/#website\",\"url\":\"https:\/\/cotoacademy.com\/fr\/\",\"name\":\"Coto Academy\",\"description\":\"Enjoy Learning, Enjoy Life - Japanese language school Tokyo, Yokohama, Online\",\"publisher\":{\"@id\":\"https:\/\/cotoacademy.com\/fr\/#organization\"},\"potentialAction\":[{\"@type\":\"SearchAction\",\"target\":{\"@type\":\"EntryPoint\",\"urlTemplate\":\"https:\/\/cotoacademy.com\/fr\/?s={search_term_string}\"},\"query-input\":{\"@type\":\"PropertyValueSpecification\",\"valueRequired\":true,\"valueName\":\"search_term_string\"}}],\"inLanguage\":\"fr-FR\"},{\"@type\":\"Organization\",\"@id\":\"https:\/\/cotoacademy.com\/fr\/#organization\",\"name\":\"Coto Academy\",\"url\":\"https:\/\/cotoacademy.com\/fr\/\",\"logo\":{\"@type\":\"ImageObject\",\"inLanguage\":\"fr-FR\",\"@id\":\"https:\/\/cotoacademy.com\/fr\/#\/schema\/logo\/image\/\",\"url\":\"https:\/\/cotoacademy.com\/wp-content\/uploads\/2025\/03\/cropped-coto-japanese-academy-logo-site-icon-white-text.png\",\"contentUrl\":\"https:\/\/cotoacademy.com\/wp-content\/uploads\/2025\/03\/cropped-coto-japanese-academy-logo-site-icon-white-text.png\",\"width\":512,\"height\":512,\"caption\":\"Coto Academy\"},\"image\":{\"@id\":\"https:\/\/cotoacademy.com\/fr\/#\/schema\/logo\/image\/\"},\"sameAs\":[\"https:\/\/www.facebook.com\/cotoacademy\",\"https:\/\/www.instagram.com\/cotoacademy\/\"]}]}<\/script>\n<!-- \/ Yoast SEO Premium plugin. -->","yoast_head_json":{"title":"Faites une demande - Coto Japanese Academy","description":"Faites le premier pas avec l'Acad\u00e9mie Coto ! Renseignez-vous sur nos cours de japonais \u00e0 Tokyo et Yokohama et commencez d\u00e8s aujourd'hui.","robots":{"index":"index","follow":"follow","max-snippet":"max-snippet:-1","max-image-preview":"max-image-preview:large","max-video-preview":"max-video-preview:-1"},"canonical":"https:\/\/cotoacademy.com\/fr\/inquiry\/","og_locale":"fr_FR","og_type":"article","og_title":"Faites une demande","og_description":"Faites le premier pas avec l'Acad\u00e9mie Coto ! Renseignez-vous sur nos cours de japonais \u00e0 Tokyo et Yokohama et commencez d\u00e8s aujourd'hui.","og_url":"https:\/\/cotoacademy.com\/fr\/inquiry\/","og_site_name":"Coto Academy - \u00c9cole de japonais","article_publisher":"https:\/\/www.facebook.com\/cotoacademy","article_modified_time":"2025-04-22T00:29:16+00:00","og_image":[{"width":2560,"height":1707,"url":"https:\/\/cotoacademy.com\/fr\/wp-content\/uploads\/sites\/3\/2025\/03\/DSC01445-scaled.jpg","type":"image\/jpeg"}],"twitter_card":"summary_large_image","twitter_misc":{"Est. reading time":"1 minute"},"schema":{"@context":"https:\/\/schema.org","@graph":[{"@type":"WebPage","@id":"https:\/\/cotoacademy.com\/fr\/inquiry\/","url":"https:\/\/cotoacademy.com\/fr\/inquiry\/","name":"Faites une demande - Coto Japanese Academy","isPartOf":{"@id":"https:\/\/cotoacademy.com\/fr\/#website"},"primaryImageOfPage":{"@id":"https:\/\/cotoacademy.com\/fr\/inquiry\/#primaryimage"},"image":{"@id":"https:\/\/cotoacademy.com\/fr\/inquiry\/#primaryimage"},"thumbnailUrl":"https:\/\/cotoacademy.com\/fr\/wp-content\/uploads\/sites\/3\/2025\/03\/DSC01445-scaled.jpg","datePublished":"2025-03-05T02:10:01+00:00","dateModified":"2025-04-22T00:29:16+00:00","description":"Faites le premier pas avec l'Acad\u00e9mie Coto ! Renseignez-vous sur nos cours de japonais \u00e0 Tokyo et Yokohama et commencez d\u00e8s aujourd'hui.","breadcrumb":{"@id":"https:\/\/cotoacademy.com\/fr\/inquiry\/#breadcrumb"},"inLanguage":"fr-FR","potentialAction":[{"@type":"ReadAction","target":["https:\/\/cotoacademy.com\/fr\/inquiry\/"]}]},{"@type":"ImageObject","inLanguage":"fr-FR","@id":"https:\/\/cotoacademy.com\/fr\/inquiry\/#primaryimage","url":"https:\/\/cotoacademy.com\/fr\/wp-content\/uploads\/sites\/3\/2025\/03\/DSC01445-scaled.jpg","contentUrl":"https:\/\/cotoacademy.com\/fr\/wp-content\/uploads\/sites\/3\/2025\/03\/DSC01445-scaled.jpg","width":2560,"height":1707,"caption":"Coto Japanese Academy - Inquire Us"},{"@type":"BreadcrumbList","@id":"https:\/\/cotoacademy.com\/fr\/inquiry\/#breadcrumb","itemListElement":[{"@type":"ListItem","position":1,"name":"Home","item":"https:\/\/cotoacademy.com\/fr\/"},{"@type":"ListItem","position":2,"name":"Faites une demande"}]},{"@type":"WebSite","@id":"https:\/\/cotoacademy.com\/fr\/#website","url":"https:\/\/cotoacademy.com\/fr\/","name":"Coto Academy","description":"Enjoy Learning, Enjoy Life - Japanese language school Tokyo, Yokohama, Online","publisher":{"@id":"https:\/\/cotoacademy.com\/fr\/#organization"},"potentialAction":[{"@type":"SearchAction","target":{"@type":"EntryPoint","urlTemplate":"https:\/\/cotoacademy.com\/fr\/?s={search_term_string}"},"query-input":{"@type":"PropertyValueSpecification","valueRequired":true,"valueName":"search_term_string"}}],"inLanguage":"fr-FR"},{"@type":"Organization","@id":"https:\/\/cotoacademy.com\/fr\/#organization","name":"Coto Academy","url":"https:\/\/cotoacademy.com\/fr\/","logo":{"@type":"ImageObject","inLanguage":"fr-FR","@id":"https:\/\/cotoacademy.com\/fr\/#\/schema\/logo\/image\/","url":"https:\/\/cotoacademy.com\/wp-content\/uploads\/2025\/03\/cropped-coto-japanese-academy-logo-site-icon-white-text.png","contentUrl":"https:\/\/cotoacademy.com\/wp-content\/uploads\/2025\/03\/cropped-coto-japanese-academy-logo-site-icon-white-text.png","width":512,"height":512,"caption":"Coto Academy"},"image":{"@id":"https:\/\/cotoacademy.com\/fr\/#\/schema\/logo\/image\/"},"sameAs":["https:\/\/www.facebook.com\/cotoacademy","https:\/\/www.instagram.com\/cotoacademy\/"]}]}},"_links":{"self":[{"href":"https:\/\/cotoacademy.com\/fr\/wp-json\/wp\/v2\/pages\/64","targetHints":{"allow":["GET"]}}],"collection":[{"href":"https:\/\/cotoacademy.com\/fr\/wp-json\/wp\/v2\/pages"}],"about":[{"href":"https:\/\/cotoacademy.com\/fr\/wp-json\/wp\/v2\/types\/page"}],"author":[{"embeddable":true,"href":"https:\/\/cotoacademy.com\/fr\/wp-json\/wp\/v2\/users\/7"}],"replies":[{"embeddable":true,"href":"https:\/\/cotoacademy.com\/fr\/wp-json\/wp\/v2\/comments?post=64"}],"version-history":[{"count":32,"href":"https:\/\/cotoacademy.com\/fr\/wp-json\/wp\/v2\/pages\/64\/revisions"}],"predecessor-version":[{"id":92934,"href":"https:\/\/cotoacademy.com\/fr\/wp-json\/wp\/v2\/pages\/64\/revisions\/92934"}],"wp:featuredmedia":[{"embeddable":true,"href":"https:\/\/cotoacademy.com\/fr\/wp-json\/wp\/v2\/media\/89454"}],"wp:attachment":[{"href":"https:\/\/cotoacademy.com\/fr\/wp-json\/wp\/v2\/media?parent=64"}],"curies":[{"name":"wp","href":"https:\/\/api.w.org\/{rel}","templated":true}]}}