{"id":62,"date":"2025-03-05T11:09:49","date_gmt":"2025-03-05T02:09:49","guid":{"rendered":"https:\/\/cotoacademy.com\/?page_id=62"},"modified":"2025-12-27T04:49:03","modified_gmt":"2025-12-26T19:49:03","slug":"contact","status":"publish","type":"page","link":"https:\/\/cotoacademy.com\/fr\/contact\/","title":{"rendered":"Contactez-nous"},"content":{"rendered":"\n<div class=\"wp-block-cover ca-banner\"><img loading=\"lazy\" decoding=\"async\" width=\"1512\" height=\"600\" class=\"wp-block-cover__image-background wp-image-91127\" alt=\"Contact Us Banner - Coto staff smiling\" src=\"https:\/\/cotoacademy.com\/wp-content\/uploads\/2025\/04\/Contact-Us-Banner.jpg\" style=\"object-position:48% 33%\" data-object-fit=\"cover\" data-object-position=\"48% 33%\" srcset=\"https:\/\/cotoacademy.com\/fr\/wp-content\/uploads\/sites\/3\/2025\/04\/Contact-Us-Banner.jpg 1512w, https:\/\/cotoacademy.com\/fr\/wp-content\/uploads\/sites\/3\/2025\/04\/Contact-Us-Banner-300x119.jpg 300w, https:\/\/cotoacademy.com\/fr\/wp-content\/uploads\/sites\/3\/2025\/04\/Contact-Us-Banner-1024x406.jpg 1024w, https:\/\/cotoacademy.com\/fr\/wp-content\/uploads\/sites\/3\/2025\/04\/Contact-Us-Banner-768x305.jpg 768w\" sizes=\"auto, (max-width: 1512px) 100vw, 1512px\" \/><span aria-hidden=\"true\" class=\"wp-block-cover__background has-content-background-color has-background-dim-70 has-background-dim\"><\/span><div class=\"wp-block-cover__inner-container has-global-padding is-layout-constrained wp-block-cover-is-layout-constrained\"><div class=\"yoast-breadcrumbs ca-banner__breadcrumbs\"><span><span><a href=\"https:\/\/cotoacademy.com\/fr\/\">Home<\/a><\/span> \/ <span class=\"breadcrumb_last\" aria-current=\"page\">Contactez-nous<\/span><\/span><\/div>\n\n\n<h2 class=\"wp-block-heading has-text-align-center ca-banner__h has-large-font-size\" id=\"h-contactez-nous\">Contactez-nous<\/h2>\n\n\n\n<p class=\"has-text-align-center ca-banner__b\">Remplissez le formulaire de contact ci-dessous pour commencer votre apprentissage du japonais.<\/p>\n<\/div><\/div>\n\n\n\n<div class=\"wp-block-group alignfull inquiry-form has-global-padding is-layout-constrained wp-block-group-is-layout-constrained\">\n<div class=\"wp-block-group alignfull md:pt-120 pt-8 md:pb-170 pb-8 has-primary-background-color has-background is-layout-flow wp-block-group-is-layout-flow\">\n<div class=\"wp-block-group container has-global-padding is-layout-constrained wp-block-group-is-layout-constrained\">\n<div class=\"wp-block-columns has-primary-background-color has-background is-layout-flex wp-container-core-columns-is-layout-28f84493 wp-block-columns-is-layout-flex\">\n<div class=\"wp-block-column is-layout-flow wp-block-column-is-layout-flow\">\n<div class=\"wp-block-columns ca-icon-items is-layout-flex wp-container-core-columns-is-layout-28f84493 wp-block-columns-is-layout-flex\">\n<div class=\"wp-block-column is-layout-flow wp-block-column-is-layout-flow\">\n<div class=\"wp-block-group ca-icon-item is-nowrap is-layout-flex wp-container-core-group-is-layout-6c531013 wp-block-group-is-layout-flex\">\n<figure class=\"wp-block-image size-full\"><img decoding=\"async\" src=\"https:\/\/cotoacademy.com\/wp-content\/uploads\/2025\/03\/group.svg\" alt=\"Icon - Group\" class=\"wp-image-89122\"\/><\/figure>\n\n\n\n<div class=\"wp-block-group is-vertical is-layout-flex wp-container-core-group-is-layout-fe9cc265 wp-block-group-is-layout-flex\">\n<p class=\"lg:text-md text-sm-alt\">\u00c9tape 1<\/p>\n\n\n\n<p class=\"lg:text-md text-sm-alt\"><strong><strong><strong>R\u00e9servez votre consultation GRATUITE<\/strong><\/strong><\/strong><\/p>\n<\/div>\n<\/div>\n<\/div>\n\n\n\n<div class=\"wp-block-column is-layout-flow wp-block-column-is-layout-flow\">\n<div class=\"wp-block-group ca-icon-item is-nowrap is-layout-flex wp-container-core-group-is-layout-6c531013 wp-block-group-is-layout-flex\">\n<figure class=\"wp-block-image size-full\"><img decoding=\"async\" src=\"https:\/\/cotoacademy.com\/wp-content\/uploads\/2025\/03\/meet-us-custom.svg\" alt=\"Icon - Meet Us - Custom\" class=\"wp-image-89815\"\/><\/figure>\n\n\n\n<div class=\"wp-block-group is-vertical is-layout-flex wp-container-core-group-is-layout-fe9cc265 wp-block-group-is-layout-flex\">\n<p class=\"lg:text-md text-sm-alt\">\u00c9tape 2<\/p>\n\n\n\n<p class=\"lg:text-md text-sm-alt\"><strong><strong><strong>Rencontrez-nous en ligne ou \u00e0 notre \u00e9cole<\/strong><\/strong><\/strong><\/p>\n<\/div>\n<\/div>\n<\/div>\n\n\n\n<div class=\"wp-block-column is-layout-flow wp-block-column-is-layout-flow\">\n<div class=\"wp-block-group ca-icon-item is-nowrap is-layout-flex wp-container-core-group-is-layout-6c531013 wp-block-group-is-layout-flex\">\n<figure class=\"wp-block-image size-full\"><img decoding=\"async\" src=\"https:\/\/cotoacademy.com\/wp-content\/uploads\/2025\/03\/learning.svg\" alt=\"Icon - Learning\" class=\"wp-image-88988\"\/><\/figure>\n\n\n\n<div class=\"wp-block-group is-vertical is-layout-flex wp-container-core-group-is-layout-fe9cc265 wp-block-group-is-layout-flex\">\n<p class=\"lg:text-md text-sm-alt\">\u00c9tape 3<\/p>\n\n\n\n<p class=\"lg:text-md text-sm-alt\"><strong><strong><strong>Commencez votre aventure d\u2019apprentissage du japonais<\/strong><\/strong><\/strong><\/p>\n<\/div>\n<\/div>\n<\/div>\n<\/div>\n<\/div>\n<\/div>\n\n\n\n<div class=\"wp-block-columns has-primary-background-color has-background is-layout-flex wp-container-core-columns-is-layout-a5331a9e wp-block-columns-is-layout-flex\" style=\"padding-top:0;padding-right:0;padding-bottom:0;padding-left:0\">\n<div class=\"wp-block-column flex flex-col gap-0 is-layout-flow wp-block-column-is-layout-flow\">\n<h2 class=\"wp-block-heading has-text-align-center lg:text-2xl text-xl font-extrabold\" id=\"h-commencez-maintenant\">Commencez maintenant !<\/h2>\n\n\n\n<p class=\"has-text-align-center lg:text-sm-alt text-base lg:leading-30 leading-26\">Compl\u00e9tez le formulaire, et notre \u00e9quipe vous contactera d\u00e8s que possible !<\/p>\n<\/div>\n<\/div>\n<\/div>\n<\/div>\n\n\n\n<div class=\"wp-block-group alignfull md:pb-20 pb-8 has-global-padding is-layout-constrained wp-block-group-is-layout-constrained\">\n<div class=\"wp-block-columns container is-layout-flex wp-container-core-columns-is-layout-28f84493 wp-block-columns-is-layout-flex\">\n<div class=\"wp-block-column flex justify-center is-layout-flow wp-block-column-is-layout-flow\">\n<div class=\"wp-block-leadin-hubspot-form-block\">\n\t\t\t\t\t<script>\n\t\t\t\t\t\twindow.hsFormsOnReady = window.hsFormsOnReady || [];\n\t\t\t\t\t\twindow.hsFormsOnReady.push(()=>{\n\t\t\t\t\t\t\thbspt.forms.create({\n\t\t\t\t\t\t\t\tportalId: 8680638,\n\t\t\t\t\t\t\t\tformId: \"75a248bf-df73-46fe-9132-745df7e59bf5\",\n\t\t\t\t\t\t\t\ttarget: \"#hbspt-form-1775320896000-9189159343\",\n\t\t\t\t\t\t\t\tregion: \"na1\",\n\t\t\t\t\t\t\t\t\n\t\t\t\t\t\t})});\n\t\t\t\t\t<\/script>\n\t\t\t\t\t<div class=\"hbspt-form\" id=\"hbspt-form-1775320896000-9189159343\"><\/div><\/div>\n<\/div>\n<\/div>\n<\/div>\n<\/div>\n","protected":false},"excerpt":{"rendered":"<p>\u00c9tape 1 R\u00e9servez votre consultation GRATUITE \u00c9tape 2 Rencontrez-nous en ligne ou \u00e0 notre \u00e9cole \u00c9tape 3 Commencez votre aventure d\u2019apprentissage du japonais Commencez maintenant ! Compl\u00e9tez le formulaire, et notre \u00e9quipe vous contactera d\u00e8s que possible !<\/p>\n","protected":false},"author":7,"featured_media":91136,"parent":0,"menu_order":0,"comment_status":"closed","ping_status":"closed","template":"","meta":{"content-type":"","footnotes":""},"class_list":["post-62","page","type-page","status-publish","has-post-thumbnail","hentry"],"yoast_head":"<!-- This site is optimized with the Yoast SEO Premium plugin v24.7 (Yoast SEO v24.7) - https:\/\/yoast.com\/wordpress\/plugins\/seo\/ -->\n<title>Contactez-nous - Coto Academy - \u00c9cole de japonais<\/title>\n<meta name=\"description\" content=\"Des questions ? Contactez l&#039;Acad\u00e9mie Coto pour en savoir plus sur nos cours de japonais \u00e0 Tokyo et Yokohama.\" \/>\n<meta name=\"robots\" content=\"index, follow, max-snippet:-1, max-image-preview:large, max-video-preview:-1\" \/>\n<link rel=\"canonical\" href=\"https:\/\/cotoacademy.com\/fr\/contact\/\" \/>\n<meta property=\"og:locale\" content=\"fr_FR\" \/>\n<meta property=\"og:type\" content=\"article\" \/>\n<meta property=\"og:title\" content=\"Contactez-nous\" \/>\n<meta property=\"og:description\" content=\"Des questions ? Contactez l&#039;Acad\u00e9mie Coto pour en savoir plus sur nos cours de japonais \u00e0 Tokyo et Yokohama.\" \/>\n<meta property=\"og:url\" content=\"https:\/\/cotoacademy.com\/fr\/contact\/\" \/>\n<meta property=\"og:site_name\" content=\"Coto Academy - \u00c9cole de japonais\" \/>\n<meta property=\"article:publisher\" content=\"https:\/\/www.facebook.com\/cotoacademy\" \/>\n<meta property=\"article:modified_time\" content=\"2025-12-26T19:49:03+00:00\" \/>\n<meta property=\"og:image\" content=\"https:\/\/cotoacademy.com\/fr\/wp-content\/uploads\/sites\/3\/2025\/04\/Three-Core-Values-Challenge.jpg\" \/>\n\t<meta property=\"og:image:width\" content=\"790\" \/>\n\t<meta property=\"og:image:height\" content=\"460\" \/>\n\t<meta property=\"og:image:type\" content=\"image\/jpeg\" \/>\n<meta name=\"twitter:card\" content=\"summary_large_image\" \/>\n<meta name=\"twitter:label1\" content=\"Est. reading time\" \/>\n\t<meta name=\"twitter:data1\" content=\"3 minutes\" \/>\n<script type=\"application\/ld+json\" class=\"yoast-schema-graph\">{\"@context\":\"https:\/\/schema.org\",\"@graph\":[{\"@type\":\"WebPage\",\"@id\":\"https:\/\/cotoacademy.com\/fr\/contact\/\",\"url\":\"https:\/\/cotoacademy.com\/fr\/contact\/\",\"name\":\"Contactez-nous - Coto Academy - \u00c9cole de japonais\",\"isPartOf\":{\"@id\":\"https:\/\/cotoacademy.com\/fr\/#website\"},\"primaryImageOfPage\":{\"@id\":\"https:\/\/cotoacademy.com\/fr\/contact\/#primaryimage\"},\"image\":{\"@id\":\"https:\/\/cotoacademy.com\/fr\/contact\/#primaryimage\"},\"thumbnailUrl\":\"https:\/\/cotoacademy.com\/fr\/wp-content\/uploads\/sites\/3\/2025\/04\/Three-Core-Values-Challenge.jpg\",\"datePublished\":\"2025-03-05T02:09:49+00:00\",\"dateModified\":\"2025-12-26T19:49:03+00:00\",\"description\":\"Des questions ? Contactez l'Acad\u00e9mie Coto pour en savoir plus sur nos cours de japonais \u00e0 Tokyo et Yokohama.\",\"breadcrumb\":{\"@id\":\"https:\/\/cotoacademy.com\/fr\/contact\/#breadcrumb\"},\"inLanguage\":\"fr-FR\",\"potentialAction\":[{\"@type\":\"ReadAction\",\"target\":[\"https:\/\/cotoacademy.com\/fr\/contact\/\"]}]},{\"@type\":\"ImageObject\",\"inLanguage\":\"fr-FR\",\"@id\":\"https:\/\/cotoacademy.com\/fr\/contact\/#primaryimage\",\"url\":\"https:\/\/cotoacademy.com\/fr\/wp-content\/uploads\/sites\/3\/2025\/04\/Three-Core-Values-Challenge.jpg\",\"contentUrl\":\"https:\/\/cotoacademy.com\/fr\/wp-content\/uploads\/sites\/3\/2025\/04\/Three-Core-Values-Challenge.jpg\",\"width\":790,\"height\":460,\"caption\":\"Three Core Values - Challenge - Coto staff holding coto study materials, Genki and Fun and Easy Japanese\"},{\"@type\":\"BreadcrumbList\",\"@id\":\"https:\/\/cotoacademy.com\/fr\/contact\/#breadcrumb\",\"itemListElement\":[{\"@type\":\"ListItem\",\"position\":1,\"name\":\"Home\",\"item\":\"https:\/\/cotoacademy.com\/fr\/\"},{\"@type\":\"ListItem\",\"position\":2,\"name\":\"Contactez-nous\"}]},{\"@type\":\"WebSite\",\"@id\":\"https:\/\/cotoacademy.com\/fr\/#website\",\"url\":\"https:\/\/cotoacademy.com\/fr\/\",\"name\":\"Coto Academy\",\"description\":\"Enjoy Learning, Enjoy Life - Japanese language school Tokyo, Yokohama, Online\",\"publisher\":{\"@id\":\"https:\/\/cotoacademy.com\/fr\/#organization\"},\"potentialAction\":[{\"@type\":\"SearchAction\",\"target\":{\"@type\":\"EntryPoint\",\"urlTemplate\":\"https:\/\/cotoacademy.com\/fr\/?s={search_term_string}\"},\"query-input\":{\"@type\":\"PropertyValueSpecification\",\"valueRequired\":true,\"valueName\":\"search_term_string\"}}],\"inLanguage\":\"fr-FR\"},{\"@type\":\"Organization\",\"@id\":\"https:\/\/cotoacademy.com\/fr\/#organization\",\"name\":\"Coto Academy\",\"url\":\"https:\/\/cotoacademy.com\/fr\/\",\"logo\":{\"@type\":\"ImageObject\",\"inLanguage\":\"fr-FR\",\"@id\":\"https:\/\/cotoacademy.com\/fr\/#\/schema\/logo\/image\/\",\"url\":\"https:\/\/cotoacademy.com\/wp-content\/uploads\/2025\/03\/cropped-coto-japanese-academy-logo-site-icon-white-text.png\",\"contentUrl\":\"https:\/\/cotoacademy.com\/wp-content\/uploads\/2025\/03\/cropped-coto-japanese-academy-logo-site-icon-white-text.png\",\"width\":512,\"height\":512,\"caption\":\"Coto Academy\"},\"image\":{\"@id\":\"https:\/\/cotoacademy.com\/fr\/#\/schema\/logo\/image\/\"},\"sameAs\":[\"https:\/\/www.facebook.com\/cotoacademy\",\"https:\/\/www.instagram.com\/cotoacademy\/\"]}]}<\/script>\n<!-- \/ Yoast SEO Premium plugin. -->","yoast_head_json":{"title":"Contactez-nous - Coto Academy - \u00c9cole de japonais","description":"Des questions ? Contactez l'Acad\u00e9mie Coto pour en savoir plus sur nos cours de japonais \u00e0 Tokyo et Yokohama.","robots":{"index":"index","follow":"follow","max-snippet":"max-snippet:-1","max-image-preview":"max-image-preview:large","max-video-preview":"max-video-preview:-1"},"canonical":"https:\/\/cotoacademy.com\/fr\/contact\/","og_locale":"fr_FR","og_type":"article","og_title":"Contactez-nous","og_description":"Des questions ? Contactez l'Acad\u00e9mie Coto pour en savoir plus sur nos cours de japonais \u00e0 Tokyo et Yokohama.","og_url":"https:\/\/cotoacademy.com\/fr\/contact\/","og_site_name":"Coto Academy - \u00c9cole de japonais","article_publisher":"https:\/\/www.facebook.com\/cotoacademy","article_modified_time":"2025-12-26T19:49:03+00:00","og_image":[{"width":790,"height":460,"url":"https:\/\/cotoacademy.com\/fr\/wp-content\/uploads\/sites\/3\/2025\/04\/Three-Core-Values-Challenge.jpg","type":"image\/jpeg"}],"twitter_card":"summary_large_image","twitter_misc":{"Est. reading time":"3 minutes"},"schema":{"@context":"https:\/\/schema.org","@graph":[{"@type":"WebPage","@id":"https:\/\/cotoacademy.com\/fr\/contact\/","url":"https:\/\/cotoacademy.com\/fr\/contact\/","name":"Contactez-nous - Coto Academy - \u00c9cole de japonais","isPartOf":{"@id":"https:\/\/cotoacademy.com\/fr\/#website"},"primaryImageOfPage":{"@id":"https:\/\/cotoacademy.com\/fr\/contact\/#primaryimage"},"image":{"@id":"https:\/\/cotoacademy.com\/fr\/contact\/#primaryimage"},"thumbnailUrl":"https:\/\/cotoacademy.com\/fr\/wp-content\/uploads\/sites\/3\/2025\/04\/Three-Core-Values-Challenge.jpg","datePublished":"2025-03-05T02:09:49+00:00","dateModified":"2025-12-26T19:49:03+00:00","description":"Des questions ? Contactez l'Acad\u00e9mie Coto pour en savoir plus sur nos cours de japonais \u00e0 Tokyo et Yokohama.","breadcrumb":{"@id":"https:\/\/cotoacademy.com\/fr\/contact\/#breadcrumb"},"inLanguage":"fr-FR","potentialAction":[{"@type":"ReadAction","target":["https:\/\/cotoacademy.com\/fr\/contact\/"]}]},{"@type":"ImageObject","inLanguage":"fr-FR","@id":"https:\/\/cotoacademy.com\/fr\/contact\/#primaryimage","url":"https:\/\/cotoacademy.com\/fr\/wp-content\/uploads\/sites\/3\/2025\/04\/Three-Core-Values-Challenge.jpg","contentUrl":"https:\/\/cotoacademy.com\/fr\/wp-content\/uploads\/sites\/3\/2025\/04\/Three-Core-Values-Challenge.jpg","width":790,"height":460,"caption":"Three Core Values - Challenge - Coto staff holding coto study materials, Genki and Fun and Easy Japanese"},{"@type":"BreadcrumbList","@id":"https:\/\/cotoacademy.com\/fr\/contact\/#breadcrumb","itemListElement":[{"@type":"ListItem","position":1,"name":"Home","item":"https:\/\/cotoacademy.com\/fr\/"},{"@type":"ListItem","position":2,"name":"Contactez-nous"}]},{"@type":"WebSite","@id":"https:\/\/cotoacademy.com\/fr\/#website","url":"https:\/\/cotoacademy.com\/fr\/","name":"Coto Academy","description":"Enjoy Learning, Enjoy Life - Japanese language school Tokyo, Yokohama, Online","publisher":{"@id":"https:\/\/cotoacademy.com\/fr\/#organization"},"potentialAction":[{"@type":"SearchAction","target":{"@type":"EntryPoint","urlTemplate":"https:\/\/cotoacademy.com\/fr\/?s={search_term_string}"},"query-input":{"@type":"PropertyValueSpecification","valueRequired":true,"valueName":"search_term_string"}}],"inLanguage":"fr-FR"},{"@type":"Organization","@id":"https:\/\/cotoacademy.com\/fr\/#organization","name":"Coto Academy","url":"https:\/\/cotoacademy.com\/fr\/","logo":{"@type":"ImageObject","inLanguage":"fr-FR","@id":"https:\/\/cotoacademy.com\/fr\/#\/schema\/logo\/image\/","url":"https:\/\/cotoacademy.com\/wp-content\/uploads\/2025\/03\/cropped-coto-japanese-academy-logo-site-icon-white-text.png","contentUrl":"https:\/\/cotoacademy.com\/wp-content\/uploads\/2025\/03\/cropped-coto-japanese-academy-logo-site-icon-white-text.png","width":512,"height":512,"caption":"Coto Academy"},"image":{"@id":"https:\/\/cotoacademy.com\/fr\/#\/schema\/logo\/image\/"},"sameAs":["https:\/\/www.facebook.com\/cotoacademy","https:\/\/www.instagram.com\/cotoacademy\/"]}]}},"_links":{"self":[{"href":"https:\/\/cotoacademy.com\/fr\/wp-json\/wp\/v2\/pages\/62","targetHints":{"allow":["GET"]}}],"collection":[{"href":"https:\/\/cotoacademy.com\/fr\/wp-json\/wp\/v2\/pages"}],"about":[{"href":"https:\/\/cotoacademy.com\/fr\/wp-json\/wp\/v2\/types\/page"}],"author":[{"embeddable":true,"href":"https:\/\/cotoacademy.com\/fr\/wp-json\/wp\/v2\/users\/7"}],"replies":[{"embeddable":true,"href":"https:\/\/cotoacademy.com\/fr\/wp-json\/wp\/v2\/comments?post=62"}],"version-history":[{"count":16,"href":"https:\/\/cotoacademy.com\/fr\/wp-json\/wp\/v2\/pages\/62\/revisions"}],"predecessor-version":[{"id":93119,"href":"https:\/\/cotoacademy.com\/fr\/wp-json\/wp\/v2\/pages\/62\/revisions\/93119"}],"wp:featuredmedia":[{"embeddable":true,"href":"https:\/\/cotoacademy.com\/fr\/wp-json\/wp\/v2\/media\/91136"}],"wp:attachment":[{"href":"https:\/\/cotoacademy.com\/fr\/wp-json\/wp\/v2\/media?parent=62"}],"curies":[{"name":"wp","href":"https:\/\/api.w.org\/{rel}","templated":true}]}}